{"id":302,"date":"2026-01-13T08:56:16","date_gmt":"2026-01-13T08:56:16","guid":{"rendered":"https:\/\/gaipforum.org\/?page_id=302"},"modified":"2026-01-23T16:39:12","modified_gmt":"2026-01-23T16:39:12","slug":"new-home","status":"publish","type":"page","link":"https:\/\/gaipforum.org\/fr\/","title":{"rendered":"New Home"},"content":{"rendered":"<div data-elementor-type=\"wp-page\" data-elementor-id=\"302\" class=\"elementor elementor-302\" data-elementor-post-type=\"page\">\n\t\t\t\t\t\t<section class=\"elementor-section elementor-top-section elementor-element elementor-element-aede10b elementor-section-full_width elementor-section-height-min-height elementor-section-stretched elementor-section-height-default elementor-section-items-middle\" data-id=\"aede10b\" data-element_type=\"section\" data-settings=\"{&quot;stretch_section&quot;:&quot;section-stretched&quot;,&quot;background_background&quot;:&quot;classic&quot;}\">\n\t\t\t\t\t\t\t<div class=\"elementor-background-overlay\"><\/div>\n\t\t\t\t\t\t\t<div class=\"elementor-container elementor-column-gap-default\">\n\t\t\t\t\t<div class=\"elementor-column elementor-col-100 elementor-top-column elementor-element elementor-element-fd42028\" data-id=\"fd42028\" data-element_type=\"column\">\n\t\t\t<div class=\"elementor-widget-wrap elementor-element-populated\">\n\t\t\t\t\t\t<div class=\"elementor-element elementor-element-6edfb7e elementor-widget elementor-widget-heading\" data-id=\"6edfb7e\" data-element_type=\"widget\" data-widget_type=\"heading.default\">\n\t\t\t\t\t<h2 class=\"elementor-heading-title elementor-size-default\">High-Level dialogue on AI Governance in Geneva<\/h2>\t\t\t\t<\/div>\n\t\t\t\t<div class=\"elementor-element elementor-element-d7bb82a elementor-widget__width-initial elementor-widget elementor-widget-text-editor\" data-id=\"d7bb82a\" data-element_type=\"widget\" data-widget_type=\"text-editor.default\">\n\t\t\t\t\t\t\t\t\t<p>L\u2019Institut de gouvernance de l\u2019IA de Gen\u00e8ve (GAIGI) organise un dialogue de haut niveau le 12 f\u00e9vrier 2026 \u00e0 Gen\u00e8ve, en Suisse, r\u00e9unissant des ambassadeurs, des experts du commerce et des responsables politiques d\u2019organisations internationales.<\/p>\t\t\t\t\t\t\t\t<\/div>\n\t\t\t\t\t<\/div>\n\t\t<\/div>\n\t\t\t\t\t<\/div>\n\t\t<\/section>\n\t\t\t\t<section class=\"elementor-section elementor-top-section elementor-element elementor-element-3333bc0 elementor-section-stretched elementor-section-boxed elementor-section-height-default elementor-section-height-default\" data-id=\"3333bc0\" data-element_type=\"section\" data-settings=\"{&quot;stretch_section&quot;:&quot;section-stretched&quot;}\">\n\t\t\t\t\t\t<div class=\"elementor-container elementor-column-gap-default\">\n\t\t\t\t\t<div class=\"elementor-column elementor-col-50 elementor-top-column elementor-element elementor-element-2827abd\" data-id=\"2827abd\" data-element_type=\"column\">\n\t\t\t<div class=\"elementor-widget-wrap elementor-element-populated\">\n\t\t\t\t\t\t<div class=\"elementor-element elementor-element-52700d7 elementor-widget elementor-widget-heading\" data-id=\"52700d7\" data-element_type=\"widget\" data-widget_type=\"heading.default\">\n\t\t\t\t\t<h2 class=\"elementor-heading-title elementor-size-default\">OMS?<\/h2>\t\t\t\t<\/div>\n\t\t\t\t<div class=\"elementor-element elementor-element-7fdb75a elementor-widget__width-initial elementor-widget elementor-widget-text-editor\" data-id=\"7fdb75a\" data-element_type=\"widget\" data-widget_type=\"text-editor.default\">\n\t\t\t\t\t\t\t\t\t<p>Des repr\u00e9sentants des Nations Unies, de l'Organisation mondiale du commerce (OMC), de la Commission de l'Union africaine, de l'Acad\u00e9mie chinoise des technologies de l'information et de la communication (CAICT), des institutions europ\u00e9ennes et des missions diplomatiques africaines participent \u00e0 cet \u00e9v\u00e9nement. Parmi les partenaires acad\u00e9miques figurent l'Universit\u00e9 de Newcastle, l'Universit\u00e9 des Nations Unies et l'Institut Alan Turing.<\/p>\t\t\t\t\t\t\t\t<\/div>\n\t\t\t\t\t<\/div>\n\t\t<\/div>\n\t\t\t\t<div class=\"elementor-column elementor-col-50 elementor-top-column elementor-element elementor-element-d0e5494\" data-id=\"d0e5494\" data-element_type=\"column\">\n\t\t\t<div class=\"elementor-widget-wrap elementor-element-populated\">\n\t\t\t\t\t\t<div class=\"elementor-element elementor-element-5ec9559 elementor-widget elementor-widget-image\" data-id=\"5ec9559\" data-element_type=\"widget\" data-widget_type=\"image.default\">\n\t\t\t\t\t\t\t\t\t\t\t\t\t\t\t<img fetchpriority=\"high\" decoding=\"async\" width=\"1024\" height=\"640\" src=\"http:\/\/gaipforum.org\/wp-content\/uploads\/2026\/01\/Untitled-design-2026-01-13T144547.287-1024x640.png\" class=\"attachment-large size-large wp-image-339\" alt=\"untitled design 2026 01 13t144547.287\" srcset=\"http:\/\/gaipforum.org\/wp-content\/uploads\/2026\/01\/Untitled-design-2026-01-13T144547.287-1024x640.png 1024w, http:\/\/gaipforum.org\/wp-content\/uploads\/2026\/01\/Untitled-design-2026-01-13T144547.287-300x188.png 300w, http:\/\/gaipforum.org\/wp-content\/uploads\/2026\/01\/Untitled-design-2026-01-13T144547.287-768x480.png 768w, http:\/\/gaipforum.org\/wp-content\/uploads\/2026\/01\/Untitled-design-2026-01-13T144547.287-1536x960.png 1536w, http:\/\/gaipforum.org\/wp-content\/uploads\/2026\/01\/Untitled-design-2026-01-13T144547.287.png 1600w\" sizes=\"(max-width: 1024px) 100vw, 1024px\" title=\"New Home\">\t\t\t\t\t\t\t\t\t\t\t\t\t\t\t<\/div>\n\t\t\t\t\t<\/div>\n\t\t<\/div>\n\t\t\t\t\t<\/div>\n\t\t<\/section>\n\t\t\t\t<section class=\"elementor-section elementor-top-section elementor-element elementor-element-7c6339c elementor-reverse-mobile elementor-section-boxed elementor-section-height-default elementor-section-height-default\" data-id=\"7c6339c\" data-element_type=\"section\">\n\t\t\t\t\t\t<div class=\"elementor-container elementor-column-gap-default\">\n\t\t\t\t\t<div class=\"elementor-column elementor-col-50 elementor-top-column elementor-element elementor-element-c54033b\" data-id=\"c54033b\" data-element_type=\"column\">\n\t\t\t<div class=\"elementor-widget-wrap elementor-element-populated\">\n\t\t\t\t\t\t<div class=\"elementor-element elementor-element-398a6af elementor-widget elementor-widget-image\" data-id=\"398a6af\" data-element_type=\"widget\" data-widget_type=\"image.default\">\n\t\t\t\t\t\t\t\t\t\t\t\t\t\t\t<img decoding=\"async\" width=\"1024\" height=\"640\" src=\"http:\/\/gaipforum.org\/wp-content\/uploads\/2026\/01\/Untitled-design-2026-01-13T144723.080-1024x640.png\" class=\"attachment-large size-large wp-image-343\" alt=\"untitled design 2026 01 13t144723.080\" srcset=\"http:\/\/gaipforum.org\/wp-content\/uploads\/2026\/01\/Untitled-design-2026-01-13T144723.080-1024x640.png 1024w, http:\/\/gaipforum.org\/wp-content\/uploads\/2026\/01\/Untitled-design-2026-01-13T144723.080-300x188.png 300w, http:\/\/gaipforum.org\/wp-content\/uploads\/2026\/01\/Untitled-design-2026-01-13T144723.080-768x480.png 768w, http:\/\/gaipforum.org\/wp-content\/uploads\/2026\/01\/Untitled-design-2026-01-13T144723.080-1536x960.png 1536w, http:\/\/gaipforum.org\/wp-content\/uploads\/2026\/01\/Untitled-design-2026-01-13T144723.080.png 1600w\" sizes=\"(max-width: 1024px) 100vw, 1024px\" title=\"New Home\">\t\t\t\t\t\t\t\t\t\t\t\t\t\t\t<\/div>\n\t\t\t\t\t<\/div>\n\t\t<\/div>\n\t\t\t\t<div class=\"elementor-column elementor-col-50 elementor-top-column elementor-element elementor-element-7bb5d5e\" data-id=\"7bb5d5e\" data-element_type=\"column\">\n\t\t\t<div class=\"elementor-widget-wrap elementor-element-populated\">\n\t\t\t\t\t\t<div class=\"elementor-element elementor-element-4a58bfe elementor-widget elementor-widget-heading\" data-id=\"4a58bfe\" data-element_type=\"widget\" data-widget_type=\"heading.default\">\n\t\t\t\t\t<h2 class=\"elementor-heading-title elementor-size-default\">QUOI?<\/h2>\t\t\t\t<\/div>\n\t\t\t\t<div class=\"elementor-element elementor-element-c7d3769 elementor-widget__width-initial elementor-widget elementor-widget-text-editor\" data-id=\"c7d3769\" data-element_type=\"widget\" data-widget_type=\"text-editor.default\">\n\t\t\t\t\t\t\t\t\tUne conf\u00e9rence technique sur l'interop\u00e9rabilit\u00e9 r\u00e9glementaire en mati\u00e8re d'IA. GAIGI pr\u00e9sente des outils pratiques, appel\u00e9s \u00ab passerelles \u00bb, qui permettent aux entreprises, notamment celles des pays du Sud, de s'orienter entre les diff\u00e9rentes r\u00e9glementations mondiales en mati\u00e8re d'IA (loi europ\u00e9enne sur l'IA, cadre NIST am\u00e9ricain, TC260 chinois) sans avoir \u00e0 repartir de z\u00e9ro en mati\u00e8re de conformit\u00e9 dans chaque juridiction.\t\t\t\t\t\t\t\t<\/div>\n\t\t\t\t\t<\/div>\n\t\t<\/div>\n\t\t\t\t\t<\/div>\n\t\t<\/section>\n\t\t\t\t<section class=\"elementor-section elementor-top-section elementor-element elementor-element-2609bb5 elementor-section-boxed elementor-section-height-default elementor-section-height-default\" data-id=\"2609bb5\" data-element_type=\"section\" data-settings=\"{&quot;background_background&quot;:&quot;classic&quot;}\">\n\t\t\t\t\t\t<div class=\"elementor-container elementor-column-gap-default\">\n\t\t\t\t\t<div class=\"elementor-column elementor-col-100 elementor-top-column elementor-element elementor-element-6b9f3c0\" data-id=\"6b9f3c0\" data-element_type=\"column\">\n\t\t\t<div class=\"elementor-widget-wrap elementor-element-populated\">\n\t\t\t\t\t\t<div class=\"elementor-element elementor-element-9cfef1a elementor-widget elementor-widget-heading\" data-id=\"9cfef1a\" data-element_type=\"widget\" data-widget_type=\"heading.default\">\n\t\t\t\t\t<h2 class=\"elementor-heading-title elementor-size-default\">O\u00d9? <\/h2>\t\t\t\t<\/div>\n\t\t\t\t<div class=\"elementor-element elementor-element-30946d8 elementor-widget__width-initial elementor-widget elementor-widget-text-editor\" data-id=\"30946d8\" data-element_type=\"widget\" data-widget_type=\"text-editor.default\">\n\t\t\t\t\t\t\t\t\tGen\u00e8ve, ville neutre qui accueille l'OMC, l'ONU et l'UIT, est un lieu strat\u00e9gique pour le dialogue multilat\u00e9ral.\t\t\t\t\t\t\t\t<\/div>\n\t\t\t\t\t<\/div>\n\t\t<\/div>\n\t\t\t\t\t<\/div>\n\t\t<\/section>\n\t\t\t\t<section class=\"elementor-section elementor-top-section elementor-element elementor-element-39bfe91 elementor-section-boxed elementor-section-height-default elementor-section-height-default\" data-id=\"39bfe91\" data-element_type=\"section\">\n\t\t\t\t\t\t<div class=\"elementor-container elementor-column-gap-default\">\n\t\t\t\t\t<div class=\"elementor-column elementor-col-50 elementor-top-column elementor-element elementor-element-dcaebb1\" data-id=\"dcaebb1\" data-element_type=\"column\">\n\t\t\t<div class=\"elementor-widget-wrap elementor-element-populated\">\n\t\t\t\t\t\t<div class=\"elementor-element elementor-element-ea397f1 elementor-widget elementor-widget-image\" data-id=\"ea397f1\" data-element_type=\"widget\" data-widget_type=\"image.default\">\n\t\t\t\t\t\t\t\t\t\t\t\t\t\t\t<img decoding=\"async\" width=\"1024\" height=\"640\" src=\"http:\/\/gaipforum.org\/wp-content\/uploads\/2026\/01\/Untitled-design-2026-01-13T145000.218-1024x640.png\" class=\"attachment-large size-large wp-image-347\" alt=\"untitled design 2026 01 13t145000.218\" srcset=\"http:\/\/gaipforum.org\/wp-content\/uploads\/2026\/01\/Untitled-design-2026-01-13T145000.218-1024x640.png 1024w, http:\/\/gaipforum.org\/wp-content\/uploads\/2026\/01\/Untitled-design-2026-01-13T145000.218-300x188.png 300w, http:\/\/gaipforum.org\/wp-content\/uploads\/2026\/01\/Untitled-design-2026-01-13T145000.218-768x480.png 768w, http:\/\/gaipforum.org\/wp-content\/uploads\/2026\/01\/Untitled-design-2026-01-13T145000.218-1536x960.png 1536w, http:\/\/gaipforum.org\/wp-content\/uploads\/2026\/01\/Untitled-design-2026-01-13T145000.218.png 1600w\" sizes=\"(max-width: 1024px) 100vw, 1024px\" title=\"New Home\">\t\t\t\t\t\t\t\t\t\t\t\t\t\t\t<\/div>\n\t\t\t\t\t<\/div>\n\t\t<\/div>\n\t\t\t\t<div class=\"elementor-column elementor-col-50 elementor-top-column elementor-element elementor-element-4de9ac2\" data-id=\"4de9ac2\" data-element_type=\"column\">\n\t\t\t<div class=\"elementor-widget-wrap elementor-element-populated\">\n\t\t\t\t\t\t<div class=\"elementor-element elementor-element-b89c9c5 elementor-widget elementor-widget-heading\" data-id=\"b89c9c5\" data-element_type=\"widget\" data-widget_type=\"heading.default\">\n\t\t\t\t\t<h2 class=\"elementor-heading-title elementor-size-default\">POURQUOI?<\/h2>\t\t\t\t<\/div>\n\t\t\t\t<div class=\"elementor-element elementor-element-db72625 elementor-widget__width-initial elementor-widget elementor-widget-text-editor\" data-id=\"db72625\" data-element_type=\"widget\" data-widget_type=\"text-editor.default\">\n\t\t\t\t\t\t\t\t\tParce que 70 % des PME africaines citent les co\u00fbts de mise en conformit\u00e9 r\u00e9glementaire comme un frein \u00e0 l'exportation, la mise en conformit\u00e9 avec la loi europ\u00e9enne sur l'IA co\u00fbtant en moyenne 400 000 \u20ac par syst\u00e8me, GAIGI propose des solutions techniques permettant de r\u00e9duire ces co\u00fbts de 60 % et de permettre aux \u00e9conomies en d\u00e9veloppement de participer au commerce num\u00e9rique mondial.\t\t\t\t\t\t\t\t<\/div>\n\t\t\t\t\t<\/div>\n\t\t<\/div>\n\t\t\t\t\t<\/div>\n\t\t<\/section>\n\t\t\t\t<section class=\"elementor-section elementor-top-section elementor-element elementor-element-ab05c3b elementor-section-boxed elementor-section-height-default elementor-section-height-default\" data-id=\"ab05c3b\" data-element_type=\"section\" data-settings=\"{&quot;background_background&quot;:&quot;classic&quot;}\">\n\t\t\t\t\t\t<div class=\"elementor-container elementor-column-gap-default\">\n\t\t\t\t\t<div class=\"elementor-column elementor-col-100 elementor-top-column elementor-element elementor-element-20becfe\" data-id=\"20becfe\" data-element_type=\"column\">\n\t\t\t<div class=\"elementor-widget-wrap elementor-element-populated\">\n\t\t\t\t\t\t<div class=\"elementor-element elementor-element-dc1f30a elementor-widget elementor-widget-heading\" data-id=\"dc1f30a\" data-element_type=\"widget\" data-widget_type=\"heading.default\">\n\t\t\t\t\t<h2 class=\"elementor-heading-title elementor-size-default\">QUAND?<\/h2>\t\t\t\t<\/div>\n\t\t\t\t<div class=\"elementor-element elementor-element-a546dab elementor-widget__width-initial elementor-widget elementor-widget-text-editor\" data-id=\"a546dab\" data-element_type=\"widget\" data-widget_type=\"text-editor.default\">\n\t\t\t\t\t\t\t\t\t12 f\u00e9vrier 2026, en pr\u00e9paration de la Conf\u00e9rence minist\u00e9rielle MC14 de l'OMC \u00e0 Yaound\u00e9, Cameroun (26-29 mars 2026).\t\t\t\t\t\t\t\t<\/div>\n\t\t\t\t\t<\/div>\n\t\t<\/div>\n\t\t\t\t\t<\/div>\n\t\t<\/section>\n\t\t\t\t<section class=\"elementor-section elementor-top-section elementor-element elementor-element-dd19958 elementor-section-boxed elementor-section-height-default elementor-section-height-default\" data-id=\"dd19958\" data-element_type=\"section\">\n\t\t\t\t\t\t<div class=\"elementor-container elementor-column-gap-default\">\n\t\t\t\t\t<div class=\"elementor-column elementor-col-100 elementor-top-column elementor-element elementor-element-52254d9\" data-id=\"52254d9\" data-element_type=\"column\">\n\t\t\t<div class=\"elementor-widget-wrap elementor-element-populated\">\n\t\t\t\t\t\t<div class=\"elementor-element elementor-element-5de35ba elementor-widget__width-initial elementor-widget elementor-widget-heading\" data-id=\"5de35ba\" data-element_type=\"widget\" data-widget_type=\"heading.default\">\n\t\t\t\t\t<h2 class=\"elementor-heading-title elementor-size-default\">Format<\/h2>\t\t\t\t<\/div>\n\t\t\t\t<section class=\"elementor-section elementor-inner-section elementor-element elementor-element-85ae897 elementor-section-boxed elementor-section-height-default elementor-section-height-default\" data-id=\"85ae897\" data-element_type=\"section\">\n\t\t\t\t\t\t<div class=\"elementor-container elementor-column-gap-default\">\n\t\t\t\t\t<div class=\"elementor-column elementor-col-100 elementor-inner-column elementor-element elementor-element-5fe14d7\" data-id=\"5fe14d7\" data-element_type=\"column\">\n\t\t\t<div class=\"elementor-widget-wrap elementor-element-populated\">\n\t\t\t\t\t\t<div class=\"elementor-element elementor-element-35a9570 elementor-widget__width-initial elementor-icon-list--layout-traditional elementor-list-item-link-full_width elementor-widget elementor-widget-icon-list\" data-id=\"35a9570\" data-element_type=\"widget\" data-widget_type=\"icon-list.default\">\n\t\t\t\t\t\t\t<ul class=\"elementor-icon-list-items\">\n\t\t\t\t\t\t\t<li class=\"elementor-icon-list-item\">\n\t\t\t\t\t\t\t\t\t\t\t<span class=\"elementor-icon-list-icon\">\n\t\t\t\t\t\t\t<svg aria-hidden=\"true\" class=\"e-font-icon-svg e-far-calendar-alt\" viewbox=\"0 0 448 512\" xmlns=\"http:\/\/www.w3.org\/2000\/svg\"><path d=\"M148 288h-40c-6.6 0-12-5.4-12-12v-40c0-6.6 5.4-12 12-12h40c6.6 0 12 5.4 12 12v40c0 6.6-5.4 12-12 12zm108-12v-40c0-6.6-5.4-12-12-12h-40c-6.6 0-12 5.4-12 12v40c0 6.6 5.4 12 12 12h40c6.6 0 12-5.4 12-12zm96 0v-40c0-6.6-5.4-12-12-12h-40c-6.6 0-12 5.4-12 12v40c0 6.6 5.4 12 12 12h40c6.6 0 12-5.4 12-12zm-96 96v-40c0-6.6-5.4-12-12-12h-40c-6.6 0-12 5.4-12 12v40c0 6.6 5.4 12 12 12h40c6.6 0 12-5.4 12-12zm-96 0v-40c0-6.6-5.4-12-12-12h-40c-6.6 0-12 5.4-12 12v40c0 6.6 5.4 12 12 12h40c6.6 0 12-5.4 12-12zm192 0v-40c0-6.6-5.4-12-12-12h-40c-6.6 0-12 5.4-12 12v40c0 6.6 5.4 12 12 12h40c6.6 0 12-5.4 12-12zm96-260v352c0 26.5-21.5 48-48 48H48c-26.5 0-48-21.5-48-48V112c0-26.5 21.5-48 48-48h48V12c0-6.6 5.4-12 12-12h40c6.6 0 12 5.4 12 12v52h128V12c0-6.6 5.4-12 12-12h40c6.6 0 12 5.4 12 12v52h48c26.5 0 48 21.5 48 48zm-48 346V160H48v298c0 3.3 2.7 6 6 6h340c3.3 0 6-2.7 6-6z\"><\/path><\/svg>\t\t\t\t\t\t<\/span>\n\t\t\t\t\t\t\t\t\t\t<span class=\"elementor-icon-list-text\">Date : 12 f\u00e9vrier 2026<\/span>\n\t\t\t\t\t\t\t\t\t<\/li>\n\t\t\t\t\t\t\t\t<li class=\"elementor-icon-list-item\">\n\t\t\t\t\t\t\t\t\t\t\t<span class=\"elementor-icon-list-icon\">\n\t\t\t\t\t\t\t<svg aria-hidden=\"true\" class=\"e-font-icon-svg e-fas-users\" viewbox=\"0 0 640 512\" xmlns=\"http:\/\/www.w3.org\/2000\/svg\"><path d=\"M96 224c35.3 0 64-28.7 64-64s-28.7-64-64-64-64 28.7-64 64 28.7 64 64 64zm448 0c35.3 0 64-28.7 64-64s-28.7-64-64-64-64 28.7-64 64 28.7 64 64 64zm32 32h-64c-17.6 0-33.5 7.1-45.1 18.6 40.3 22.1 68.9 62 75.1 109.4h66c17.7 0 32-14.3 32-32v-32c0-35.3-28.7-64-64-64zm-256 0c61.9 0 112-50.1 112-112S381.9 32 320 32 208 82.1 208 144s50.1 112 112 112zm76.8 32h-8.3c-20.8 10-43.9 16-68.5 16s-47.6-6-68.5-16h-8.3C179.6 288 128 339.6 128 403.2V432c0 26.5 21.5 48 48 48h288c26.5 0 48-21.5 48-48v-28.8c0-63.6-51.6-115.2-115.2-115.2zm-223.7-13.4C161.5 263.1 145.6 256 128 256H64c-35.3 0-64 28.7-64 64v32c0 17.7 14.3 32 32 32h65.9c6.3-47.4 34.9-87.3 75.2-109.4z\"><\/path><\/svg>\t\t\t\t\t\t<\/span>\n\t\t\t\t\t\t\t\t\t\t<span class=\"elementor-icon-list-text\">Participants : Dialogue \u00e0 huis clos limit\u00e9 \u00e0 15-20 participants de haut niveau<\/span>\n\t\t\t\t\t\t\t\t\t<\/li>\n\t\t\t\t\t\t\t\t<li class=\"elementor-icon-list-item\">\n\t\t\t\t\t\t\t\t\t\t\t<span class=\"elementor-icon-list-icon\">\n\t\t\t\t\t\t\t<svg aria-hidden=\"true\" class=\"e-font-icon-svg e-fas-globe-asia\" viewbox=\"0 0 496 512\" xmlns=\"http:\/\/www.w3.org\/2000\/svg\"><path d=\"M248 8C111.03 8 0 119.03 0 256s111.03 248 248 248 248-111.03 248-248S384.97 8 248 8zm-11.34 240.23c-2.89 4.82-8.1 7.77-13.72 7.77h-.31c-4.24 0-8.31 1.69-11.31 4.69l-5.66 5.66c-3.12 3.12-3.12 8.19 0 11.31l5.66 5.66c3 3 4.69 7.07 4.69 11.31V304c0 8.84-7.16 16-16 16h-6.11c-6.06 0-11.6-3.42-14.31-8.85l-22.62-45.23c-2.44-4.88-8.95-5.94-12.81-2.08l-19.47 19.46c-3 3-7.07 4.69-11.31 4.69H50.81C49.12 277.55 48 266.92 48 256c0-110.28 89.72-200 200-200 21.51 0 42.2 3.51 61.63 9.82l-50.16 38.53c-5.11 3.41-4.63 11.06.86 13.81l10.83 5.41c5.42 2.71 8.84 8.25 8.84 14.31V216c0 4.42-3.58 8-8 8h-3.06c-3.03 0-5.8-1.71-7.15-4.42-1.56-3.12-5.96-3.29-7.76-.3l-17.37 28.95zM408 358.43c0 4.24-1.69 8.31-4.69 11.31l-9.57 9.57c-3 3-7.07 4.69-11.31 4.69h-15.16c-4.24 0-8.31-1.69-11.31-4.69l-13.01-13.01a26.767 26.767 0 0 0-25.42-7.04l-21.27 5.32c-1.27.32-2.57.48-3.88.48h-10.34c-4.24 0-8.31-1.69-11.31-4.69l-11.91-11.91a8.008 8.008 0 0 1-2.34-5.66v-10.2c0-3.27 1.99-6.21 5.03-7.43l39.34-15.74c1.98-.79 3.86-1.82 5.59-3.05l23.71-16.89a7.978 7.978 0 0 1 4.64-1.48h12.09c3.23 0 6.15 1.94 7.39 4.93l5.35 12.85a4 4 0 0 0 3.69 2.46h3.8c1.78 0 3.35-1.18 3.84-2.88l4.2-14.47c.5-1.71 2.06-2.88 3.84-2.88h6.06c2.21 0 4 1.79 4 4v12.93c0 2.12.84 4.16 2.34 5.66l11.91 11.91c3 3 4.69 7.07 4.69 11.31v24.6z\"><\/path><\/svg>\t\t\t\t\t\t<\/span>\n\t\t\t\t\t\t\t\t\t\t<span class=\"elementor-icon-list-text\">Langues : anglais et fran\u00e7ais.<\/span>\n\t\t\t\t\t\t\t\t\t<\/li>\n\t\t\t\t\t\t<\/ul>\n\t\t\t\t\t\t<\/div>\n\t\t\t\t\t<\/div>\n\t\t<\/div>\n\t\t\t\t\t<\/div>\n\t\t<\/section>\n\t\t\t\t\t<\/div>\n\t\t<\/div>\n\t\t\t\t\t<\/div>\n\t\t<\/section>\n\t\t\t\t<\/div>","protected":false},"excerpt":{"rendered":"<p>High-Level dialogue on AI Governance in Geneva The Geneva AI Governance Institute (GAIGI) convenes a high-level dialogue on February 12, [&hellip;]<\/p>","protected":false},"author":1,"featured_media":0,"parent":0,"menu_order":0,"comment_status":"closed","ping_status":"closed","template":"elementor_header_footer","meta":{"_uag_custom_page_level_css":"","site-sidebar-layout":"no-sidebar","site-content-layout":"","ast-site-content-layout":"full-width-container","site-content-style":"default","site-sidebar-style":"default","ast-global-header-display":"","ast-banner-title-visibility":"","ast-main-header-display":"","ast-hfb-above-header-display":"","ast-hfb-below-header-display":"","ast-hfb-mobile-header-display":"","site-post-title":"disabled","ast-breadcrumbs-content":"","ast-featured-img":"disabled","footer-sml-layout":"","ast-disable-related-posts":"","theme-transparent-header-meta":"","adv-header-id-meta":"","stick-header-meta":"","header-above-stick-meta":"","header-main-stick-meta":"","header-below-stick-meta":"","astra-migrate-meta-layouts":"default","ast-page-background-enabled":"default","ast-page-background-meta":{"desktop":{"background-color":"var(--ast-global-color-4)","background-image":"","background-repeat":"repeat","background-position":"center center","background-size":"auto","background-attachment":"scroll","background-type":"","background-media":"","overlay-type":"","overlay-color":"","overlay-opacity":"","overlay-gradient":""},"tablet":{"background-color":"","background-image":"","background-repeat":"repeat","background-position":"center center","background-size":"auto","background-attachment":"scroll","background-type":"","background-media":"","overlay-type":"","overlay-color":"","overlay-opacity":"","overlay-gradient":""},"mobile":{"background-color":"","background-image":"","background-repeat":"repeat","background-position":"center center","background-size":"auto","background-attachment":"scroll","background-type":"","background-media":"","overlay-type":"","overlay-color":"","overlay-opacity":"","overlay-gradient":""}},"ast-content-background-meta":{"desktop":{"background-color":"var(--ast-global-color-5)","background-image":"","background-repeat":"repeat","background-position":"center center","background-size":"auto","background-attachment":"scroll","background-type":"","background-media":"","overlay-type":"","overlay-color":"","overlay-opacity":"","overlay-gradient":""},"tablet":{"background-color":"var(--ast-global-color-5)","background-image":"","background-repeat":"repeat","background-position":"center center","background-size":"auto","background-attachment":"scroll","background-type":"","background-media":"","overlay-type":"","overlay-color":"","overlay-opacity":"","overlay-gradient":""},"mobile":{"background-color":"var(--ast-global-color-5)","background-image":"","background-repeat":"repeat","background-position":"center center","background-size":"auto","background-attachment":"scroll","background-type":"","background-media":"","overlay-type":"","overlay-color":"","overlay-opacity":"","overlay-gradient":""}},"footnotes":""},"class_list":["post-302","page","type-page","status-publish","hentry"],"uagb_featured_image_src":{"full":false,"thumbnail":false,"medium":false,"medium_large":false,"large":false,"1536x1536":false,"2048x2048":false,"trp-custom-language-flag":false},"uagb_author_info":{"display_name":"GAIP","author_link":"https:\/\/gaipforum.org\/fr\/author\/gaip\/"},"uagb_comment_info":0,"uagb_excerpt":"High-Level dialogue on AI Governance in Geneva The Geneva AI Governance Institute (GAIGI) convenes a high-level dialogue on February 12, [&hellip;]","_links":{"self":[{"href":"https:\/\/gaipforum.org\/fr\/wp-json\/wp\/v2\/pages\/302","targetHints":{"allow":["GET"]}}],"collection":[{"href":"https:\/\/gaipforum.org\/fr\/wp-json\/wp\/v2\/pages"}],"about":[{"href":"https:\/\/gaipforum.org\/fr\/wp-json\/wp\/v2\/types\/page"}],"author":[{"embeddable":true,"href":"https:\/\/gaipforum.org\/fr\/wp-json\/wp\/v2\/users\/1"}],"replies":[{"embeddable":true,"href":"https:\/\/gaipforum.org\/fr\/wp-json\/wp\/v2\/comments?post=302"}],"version-history":[{"count":70,"href":"https:\/\/gaipforum.org\/fr\/wp-json\/wp\/v2\/pages\/302\/revisions"}],"predecessor-version":[{"id":443,"href":"https:\/\/gaipforum.org\/fr\/wp-json\/wp\/v2\/pages\/302\/revisions\/443"}],"wp:attachment":[{"href":"https:\/\/gaipforum.org\/fr\/wp-json\/wp\/v2\/media?parent=302"}],"curies":[{"name":"wp","href":"https:\/\/api.w.org\/{rel}","templated":true}]}}